{"id":563,"date":"2024-09-25T13:39:05","date_gmt":"2024-09-25T13:39:05","guid":{"rendered":"https:\/\/nebulagin.com\/?page_id=563"},"modified":"2024-09-25T16:28:50","modified_gmt":"2024-09-25T16:28:50","slug":"politica-de-cookies","status":"publish","type":"page","link":"https:\/\/nebulagin.com\/?page_id=563","title":{"rendered":"Pol\u00edtica de cookies"},"content":{"rendered":"\t\t<div data-elementor-type=\"wp-page\" data-elementor-id=\"563\" class=\"elementor elementor-563\" data-elementor-post-type=\"page\">\n\t\t\t\t<div class=\"elementor-element elementor-element-959ffc8 e-flex e-con-boxed e-con e-parent\" data-id=\"959ffc8\" data-element_type=\"container\">\n\t\t\t\t\t<div class=\"e-con-inner\">\n\t\t\t\t<div class=\"elementor-element elementor-element-7d2d6c2 elementor-widget elementor-widget-html\" data-id=\"7d2d6c2\" data-element_type=\"widget\" data-widget_type=\"html.default\">\n\t\t\t\t<div class=\"elementor-widget-container\">\n\t\t\t<style>\r\n    .nebu_cookies {\r\n        color: #000; \/* Color cambiado a negro *\/\r\n        padding: 5em 5em 3em 5em;\r\n        width: auto;\r\n        text-align: justify;\r\n    }\r\n\r\n    .nebu_cookies h1 {\r\n        color: #000; \/* Color cambiado a negro *\/\r\n        text-align: center;\r\n        padding: 1em;\r\n    }\r\n\r\n    .nebu_cookies h2 {\r\n        color: #000; \/* Color cambiado a negro *\/\r\n    }\r\n    \r\n     .nebu_cookies h3 {\r\n        color: #000; \/* Color cambiado a negro *\/\r\n    }\r\n    \r\n     .nebu_cookies a {\r\n         color: #000;\r\n     }\r\n    \r\n     @media only screen and (max-width: 768px) {\r\n            .nebu_cookies {\r\n                padding: 1em;\r\n                font-size: 12px !important;\r\n            }\r\n\r\n            .nebu_cookies h1 {\r\n                font-size: 3em !important;\r\n                padding: 0.5em 0;\r\n            }\r\n\r\n            .nebu_cookies h2 {\r\n                font-size: 1.5em !important;\r\n            }\r\n\r\n            .nebu_cookies h3 {\r\n                font-size: 1em !important;\r\n            }\r\n            \r\n            .responsive {\r\n                width: 100%;\r\n                font-size: 10px !important;\r\n            }\r\n        }\r\n<\/style>\r\n<div class=\"nebu_cookies\">\r\n    <h1>Pol\u00edtica de cookies<\/h1>\r\n    <p>Las cookies constituyen una herramienta empleada por los servidores Web para almacenar y recuperar\r\n        informaci\u00f3n acerca de sus visitantes o usuarios. No es m\u00e1s que un fichero de texto que algunos\r\n        servidores instalan durante la navegaci\u00f3n y que permiten conocer informaci\u00f3n como por ejemplo: el\r\n        lugar desde el que accede, el tiempo de conexi\u00f3n, el dispositivo desde el que accede (fijo o m\u00f3vil),\r\n        el sistema operativo y navegador utilizados, las p\u00e1ginas m\u00e1s visitadas, el n\u00famero de click\r\n        realizados y de datos respecto al comportamiento del usuario en Internet. No proporcionan\r\n        referencias que permitan deducir el nombre y apellidos del usuario y no pueden leer datos de su\r\n        disco duro ni incluir virus en sus equipos. Asimismo, no puede leer las cookies implantadas en el\r\n        disco duro del usuario desde otros servidores.<\/p><br>\r\n\r\n    <h2>Porque son importantes las Cookies<\/h2>\r\n    <p>El sitio web es accesible sin necesidad de que las cookies est\u00e9n activadas, si bien, su desactivaci\u00f3n\r\n        puede impedir su funcionamiento correcto.<\/p>\r\n    <p>Desde un punto de vista t\u00e9cnico las cookies permiten que los sitios web funcionen de forma m\u00e1s \u00e1gil y\r\n        adaptada a las preferencias de los usuarios, como por ejemplo almacenar el idioma, la moneda del\r\n        pa\u00eds o detectar el dispositivo de acceso.<\/p>\r\n    <p>Establecen niveles de protecci\u00f3n y seguridad que Impiden o dificultan ciberataques contra el sitio\r\n        web o sus usuarios.<\/p>\r\n    <p>Permiten que los gestores de los medios puedan conocer datos estad\u00edsticos recopilados para mejorar la\r\n        calidad y experiencia de sus servicios.<\/p>\r\n    <p>Sirven para optimizar la publicidad que mostramos a los usuarios, ofreciendo la que m\u00e1s se ajusta a\r\n        sus intereses.<\/p><br>\r\n\r\n    <h2>Autorizaci\u00f3n para el uso de Cookies<\/h2>\r\n    <p>En el sitio web aparece un Aviso de Cookies que el usuario o visitante puede aceptar, consintiendo\r\n        expresamente al uso de las cookies seg\u00fan se indica a continuaci\u00f3n.<\/p>\r\n    <p>El usuario puede configurar su navegador para rechazar por defecto todas las cookies o para recibir\r\n        un aviso en pantalla de la recepci\u00f3n de cada cookie y decidir sobre su instalaci\u00f3n o no en su disco\r\n        duro.<\/p><br>\r\n\r\n    <h3>Configuraci\u00f3n del navegador<\/h3>\r\n    <p><b>SOUL DRINKS WORLD S.L.<\/b> recuerda a sus usuarios que el uso de cookies podr\u00e1 estar sujeto a su\r\n        aceptaci\u00f3n durante la instalaci\u00f3n o actualizaci\u00f3n del navegador utilizado por \u00e9stos.<\/p>\r\n    <p>Esta aceptaci\u00f3n podr\u00e1 ser revocada mediante las opciones de configuraci\u00f3n de contenidos y privacidad\r\n        disponibles en el mismo. El Titular recomienda a sus usuarios que consulten la ayuda de su navegador\r\n        o acceda a las p\u00e1ginas web de ayuda de los principales navegadores: Firefox, Internet Explorer,\r\n        Safari, Chrome.<\/p>\r\n    <p>Si desea m\u00e1s informaci\u00f3n acerca de c\u00f3mo revocar el consentimiento prestado o sobre el procedimiento\r\n        para deshabilitar las cookies, as\u00ed como realizar alguna pregunta sobre la Pol\u00edtica de Cookies, puede\r\n        contactar con el titular a trav\u00e9s de la siguiente direcci\u00f3n de correo electr\u00f3nico <a\r\n            href=\"mailto:info@souldrinksworld.com\">info@souldrinksworld.com<\/a> indicando \u201cPol\u00edtica de Cookies\u201d en\r\n        el asunto.<\/p><br>\r\n\r\n    <h2>Tipos de Cookies que se utilizan en la Web<\/h2>\r\n    <p>El usuario que navega por la Web puede encontrar cookies insertadas directamente por el titular, o\r\n        bien cookies insertadas por entidades distintas al titular, seg\u00fan lo detallado en los siguientes\r\n        apartados: (Indicar los tipos de cookies empleadas)<\/p>\r\n    <ul>\r\n        <li><strong>Cookies de sesi\u00f3n<\/strong>, expiran cuando el usuario abandona la p\u00e1gina o cierra el\r\n            navegador, es decir, est\u00e1n activas mientras dura la visita al sitio web y por tanto son borradas\r\n            de nuestro ordenador al abandonarlo.<\/li>\r\n        <li><strong>Cookies permanentes<\/strong>, expiran cuando se cumple el objetivo para el que sirven o\r\n            bien cuando se borran manualmente, tienen fecha de borrado y se utilizan normalmente en proceso\r\n            de compra online, personalizaciones o en el registro, para no tener que introducir una\r\n            contrase\u00f1a constantemente.<\/li>\r\n    <\/ul>\r\n    <p>Seg\u00fan la entidad que gestiona el equipo o dominio desde donde se env\u00edan las cookies y trata los datos\r\n        que se obtengan, podemos distinguir entre Cookies propias y de terceros.<\/p>\r\n    <ul>\r\n        <li>Cookies propias son aquellas cookies que son enviadas al ordenador del usuario y son gestionadas\r\n            exclusivamente por nosotros para el mejor funcionamiento del Sitio Web. La informaci\u00f3n que\r\n            recabamos se emplea para mejorar la calidad de nuestro servicio y tu experiencia como usuario.\r\n        <\/li>\r\n        <li>Cookies de terceros, cuando el usuario interact\u00faa con el contenido de nuestro sitio Web tambi\u00e9n\r\n            pueden establecerse cookies de terceros (por ejemplo, al pulsar botones de redes sociales o\r\n            visionar v\u00eddeos alojados en otro sitio web), que son aquellas establecidas por un dominio\r\n            diferente de nuestro Sitio Web. No podemos acceder a los datos almacenados en las cookies de\r\n            otros sitios web cuando navegues en los citados sitios web.<\/li>\r\n    <\/ul>\r\n    <p>Navegar por este portal web supone que se puedan instalar los siguientes tipos de Cookies:<\/p>\r\n    <table class=\"responsive\">\r\n        <tbody>\r\n            <tr>\r\n                <th>TIPO DE COOKIE<\/th>\r\n                <th>DESCRIPCI\u00d3N<\/th>\r\n                <th>EJEMPLO DE USO<\/th>\r\n            <\/tr>\r\n            <tr>\r\n                <td>\r\n                    <p><strong>DE RENDIMIENTO<\/strong><\/p>\r\n                <\/td>\r\n                <td>\r\n                    <p>Estas cookies se utilizan para mejorar tu experiencia de navegaci\u00f3n y optimizar el\r\n                        funcionamiento de nuestros sitios web.<\/p>\r\n                    <p>Almacenan configuraciones de servicios para que no tengas que reconfigurarlos cada\r\n                        vez que nos visitas.<\/p>\r\n                <\/td>\r\n                <td>\r\n                    <ul>\r\n                        <li>Ajustes de volumen de reproductores de v\u00eddeo y sonido.<\/li>\r\n                        <li>Velocidades de trasmisi\u00f3n de v\u00eddeos \u00f3ptimas.<\/li>\r\n                        <li>Almacena la compra realizada en un \u201ccarrito de la compra\u201d en los servicios\r\n                            E-commerce<\/li>\r\n                    <\/ul>\r\n                <\/td>\r\n            <\/tr>\r\n            <tr>\r\n                <td>\r\n                    <p><strong>DE GEOLOCALIZACI\u00d3N<\/strong><\/p>\r\n                <\/td>\r\n                <td>\r\n                    <p>Estas cookies se utilizan para almacenar datos de geolocalizacion del ordenador o\r\n                        dispositivos para ofrecerte contenidos y servicios m\u00e1s adecuados.<\/p>\r\n                <\/td>\r\n                <td>\r\n                    <ul>\r\n                        <li>Contenidos ajustados al pa\u00eds, ciudad, idioma, etc.<\/li>\r\n                    <\/ul>\r\n                <\/td>\r\n            <\/tr>\r\n            <tr>\r\n                <td>\r\n                    <p><strong>DE REGISTRO<\/strong><\/p>\r\n                <\/td>\r\n                <td>\r\n                    <p>Las cookies de registro se crean al registrarte o cuando inicias sesi\u00f3n en uno de\r\n                        nuestros portales web.<\/p>\r\n                <\/td>\r\n                <td>\r\n                    <ul>\r\n                        <li>Puedes mantenerte <b>autenticado<\/b> aunque cierres el navegador, as\u00ed cuando\r\n                            vuelvas seguir\u00e1s identificado a menos que te desconectes o cierres la sesi\u00f3n.\r\n                        <\/li>\r\n                        <li>Para acceder a ciertas zonas de nuestros portales web, por ejemplo, para\r\n                            participar en un concurso.<\/li>\r\n                    <\/ul>\r\n                <\/td>\r\n            <\/tr>\r\n            <tr>\r\n                <td>\r\n                    <p><strong>ANAL\u00cdTICAS<\/strong><\/p>\r\n                <\/td>\r\n                <td>\r\n                    <p>Estas cookies recopilan informaci\u00f3n de tu experiencia de navegaci\u00f3n en nuestros\r\n                        portales web de forma totalmente an\u00f3nima.<\/p>\r\n                <\/td>\r\n                <td>\r\n                    <ul>\r\n                        <li>Podemos contabilizar el n\u00famero de visitantes.<\/li>\r\n                        <li>Podemos saber si el usuario repite visita.<\/li>\r\n                        <li>Esta informaci\u00f3n puede ayudarnos a mejorar la navegaci\u00f3n y mejorar el servicio.\r\n                        <\/li>\r\n                    <\/ul>\r\n                <\/td>\r\n            <\/tr>\r\n            <tr>\r\n                <td>\r\n                    <p><strong>DE PUBLICIDAD<\/strong><\/p>\r\n                <\/td>\r\n                <td>\r\n                    <p>Estas cookies recogen informaci\u00f3n sobre los anuncios mostrados a cada usuario an\u00f3nimo\r\n                        en los portales web.<\/p>\r\n                <\/td>\r\n                <td>\r\n                    <ul>\r\n                        <li>Adaptar la publicidad al tipo de dispositivo desde el que el usuario se est\u00e1\r\n                            conectando.<\/li>\r\n                        <li>Proporcionar anuncios gestionados a trav\u00e9s de terceros que son mostrados en la\r\n                            p\u00e1gina en tiempo real.<\/li>\r\n                    <\/ul>\r\n                <\/td>\r\n            <\/tr>\r\n        <\/tbody>\r\n    <\/table>\r\n\r\n<\/div>\t\t<\/div>\n\t\t\t\t<\/div>\n\t\t\t\t\t<\/div>\n\t\t\t\t<\/div>\n\t\t\t\t<\/div>\n\t\t","protected":false},"excerpt":{"rendered":"<p>Pol\u00edtica de cookies Las cookies constituyen una herramienta empleada por los servidores Web para almacenar y recuperar informaci\u00f3n acerca de sus visitantes o usuarios. No es m\u00e1s que un fichero de texto que algunos servidores instalan durante la navegaci\u00f3n y que permiten conocer informaci\u00f3n como por ejemplo: el lugar desde el que accede, el tiempo [&hellip;]<\/p>\n","protected":false},"author":1,"featured_media":0,"parent":0,"menu_order":0,"comment_status":"closed","ping_status":"closed","template":"","meta":{"footnotes":""},"class_list":["post-563","page","type-page","status-publish","hentry"],"_links":{"self":[{"href":"https:\/\/nebulagin.com\/index.php?rest_route=\/wp\/v2\/pages\/563","targetHints":{"allow":["GET"]}}],"collection":[{"href":"https:\/\/nebulagin.com\/index.php?rest_route=\/wp\/v2\/pages"}],"about":[{"href":"https:\/\/nebulagin.com\/index.php?rest_route=\/wp\/v2\/types\/page"}],"author":[{"embeddable":true,"href":"https:\/\/nebulagin.com\/index.php?rest_route=\/wp\/v2\/users\/1"}],"replies":[{"embeddable":true,"href":"https:\/\/nebulagin.com\/index.php?rest_route=%2Fwp%2Fv2%2Fcomments&post=563"}],"version-history":[{"count":7,"href":"https:\/\/nebulagin.com\/index.php?rest_route=\/wp\/v2\/pages\/563\/revisions"}],"predecessor-version":[{"id":608,"href":"https:\/\/nebulagin.com\/index.php?rest_route=\/wp\/v2\/pages\/563\/revisions\/608"}],"wp:attachment":[{"href":"https:\/\/nebulagin.com\/index.php?rest_route=%2Fwp%2Fv2%2Fmedia&parent=563"}],"curies":[{"name":"wp","href":"https:\/\/api.w.org\/{rel}","templated":true}]}}